{"id":99,"date":"2025-08-15T22:37:35","date_gmt":"2025-08-15T20:37:35","guid":{"rendered":"http:\/\/afawp.com\/wdp\/?post_type=product&#038;p=99"},"modified":"2025-08-17T18:39:08","modified_gmt":"2025-08-17T16:39:08","slug":"cartons","status":"publish","type":"product","link":"https:\/\/afawp.com\/wdp\/produit\/cartons\/","title":{"rendered":"Cartons"},"content":{"rendered":"<p>Lot de 2 cartons (1 Jaune et 1 Rouge)<\/p>\n<p>Les cartons peuvent facilement se distinguer l&rsquo;un de l&rsquo;autre car ils n&rsquo;ont pas la m\u00eame \u00e9paisseur et donc la m\u00eame rigidit\u00e9.<\/p>\n<p><em>Frais de livraison inclus pour nos membres<\/em><\/p>\n","protected":false},"excerpt":{"rendered":"<p><img loading=\"lazy\" decoding=\"async\" class=\"alignnone wp-image-88 size-thumbnail\" src=\"https:\/\/afawp.com\/wdp\/wp-content\/uploads\/2018\/10\/cartons-150x150.jpg\" alt=\"\" width=\"150\" height=\"150\" \/> Lot de 2 cartons (1 jaune et 1 rouge)<\/p>\n<p>Taille :\u00a0 9,5 cm x 6,5 cm<\/p>\n","protected":false},"featured_media":88,"template":"","meta":[],"product_brand":[],"product_cat":[51],"product_tag":[],"class_list":{"0":"post-99","1":"product","2":"type-product","3":"status-publish","4":"has-post-thumbnail","6":"product_cat-boutique","7":"nodate","8":"item-wrap","10":"first","11":"instock","12":"shipping-taxable","13":"purchasable","14":"product-type-simple"},"jetpack_sharing_enabled":true,"_links":{"self":[{"href":"https:\/\/afawp.com\/wdp\/wp-json\/wp\/v2\/product\/99","targetHints":{"allow":["GET"]}}],"collection":[{"href":"https:\/\/afawp.com\/wdp\/wp-json\/wp\/v2\/product"}],"about":[{"href":"https:\/\/afawp.com\/wdp\/wp-json\/wp\/v2\/types\/product"}],"wp:featuredmedia":[{"embeddable":true,"href":"https:\/\/afawp.com\/wdp\/wp-json\/wp\/v2\/media\/88"}],"wp:attachment":[{"href":"https:\/\/afawp.com\/wdp\/wp-json\/wp\/v2\/media?parent=99"}],"wp:term":[{"taxonomy":"product_brand","embeddable":true,"href":"https:\/\/afawp.com\/wdp\/wp-json\/wp\/v2\/product_brand?post=99"},{"taxonomy":"product_cat","embeddable":true,"href":"https:\/\/afawp.com\/wdp\/wp-json\/wp\/v2\/product_cat?post=99"},{"taxonomy":"product_tag","embeddable":true,"href":"https:\/\/afawp.com\/wdp\/wp-json\/wp\/v2\/product_tag?post=99"}],"curies":[{"name":"wp","href":"https:\/\/api.w.org\/{rel}","templated":true}]}}